{"id":10143,"date":"2026-01-24T06:31:40","date_gmt":"2026-01-24T03:31:40","guid":{"rendered":"https:\/\/activest.natourest.ee\/agb-activest\/"},"modified":"2026-04-23T14:06:56","modified_gmt":"2026-04-23T11:06:56","slug":"agb-activest","status":"publish","type":"page","link":"https:\/\/activest.natourest.ee\/en\/agb-activest\/","title":{"rendered":"AGB Activest"},"content":{"rendered":"\t\t<div data-elementor-type=\"wp-page\" data-elementor-id=\"10143\" class=\"elementor elementor-10143 elementor-2961\" data-elementor-post-type=\"page\">\n\t\t\t\t<div class=\"elementor-element elementor-element-fc8c181 e-flex e-con-boxed e-con e-parent\" data-id=\"fc8c181\" data-element_type=\"container\" data-e-type=\"container\" data-settings=\"{&quot;background_background&quot;:&quot;classic&quot;}\">\n\t\t\t\t\t<div class=\"e-con-inner\">\n\t\t\t\t<div class=\"elementor-element elementor-element-b64c57f elementor-widget__width-inherit elementor-widget elementor-widget-heading\" data-id=\"b64c57f\" data-element_type=\"widget\" data-e-type=\"widget\" data-widget_type=\"heading.default\">\n\t\t\t\t\t<h1 class=\"elementor-heading-title elementor-size-default\">AGB Activest<\/h1>\t\t\t\t<\/div>\n\t\t\t\t\t<\/div>\n\t\t\t\t<\/div>\n\t\t<div class=\"elementor-element elementor-element-e23aff1 e-flex e-con-boxed e-con e-parent\" data-id=\"e23aff1\" data-element_type=\"container\" data-e-type=\"container\">\n\t\t\t\t\t<div class=\"e-con-inner\">\n\t\t\t\t<div class=\"elementor-element elementor-element-8cfe5fa elementor-widget elementor-widget-heading\" data-id=\"8cfe5fa\" data-element_type=\"widget\" data-e-type=\"widget\" data-widget_type=\"heading.default\">\n\t\t\t\t\t<h2 class=\"elementor-heading-title elementor-size-default\">Allgemeine Gesch\u00e4ftsbedingungen<\/h2>\t\t\t\t<\/div>\n\t\t\t\t\t<\/div>\n\t\t\t\t<\/div>\n\t\t<div class=\"elementor-element elementor-element-35f5d89 e-flex e-con-boxed e-con e-parent\" data-id=\"35f5d89\" data-element_type=\"container\" data-e-type=\"container\">\n\t\t\t\t\t<div class=\"e-con-inner\">\n\t\t\t\t<div class=\"elementor-element elementor-element-701b4e5 elementor-widget elementor-widget-text-editor\" data-id=\"701b4e5\" data-element_type=\"widget\" data-e-type=\"widget\" data-widget_type=\"text-editor.default\">\n\t\t\t\t\t\t\t\t\t<h6><strong>1. Abschluss des Reisevertrages<\/p>\n<p><\/strong><\/h6>\n<p>Mit der Anmeldung bieten Sie als Kunde dem Reiseveranstalter BaltikumNaturReisen den Abschluss eines Reisevertrages verbindlich an. Die Anmeldung kann schriftlich, m\u00fcndlich oder fernm\u00fcndlich vorgenommen werden. Sie erfolgt durch den Anmelder auch f\u00fcr alle in der Anmeldung mit aufgef\u00fchrten Teilnehmern, f\u00fcr deren Vertragsverpflichtung der Anmelder wie f\u00fcr seine eigenen Verpflichtungen einsteht, sofern er eine Verpflichtung durch ausdr\u00fcckliche und gesonderte Erkl\u00e4rung \u00fcbernommen hat. Der Vertrag kommt erst mit der Annahme durch den Reiseveranstalter zu Stande. Die Annahme bedarf keiner bestimmten Form. Bei Vertragsschluss wird der Reiseveranstalter dem Kunden die Reisebest\u00e4tigung aush\u00e4ndigen. Weicht der Inhalt der Reisebest\u00e4tigung vom Inhalt der Anmeldung ab, so liegt ein neues Angebot des Reiseveranstalters vor, an das er f\u00fcr die Dauer von 10 Tagen gebunden ist. Der Vertrag kommt auf der Grundlage des neuen Angebotes zu Stande, wenn der Reisende innerhalb der Bindungsfrist dem Reiseveranstalter die Annahme erkl\u00e4rt.<\/p>\n<h6 class=\"fusion-responsive-typography-calculated\" data-fontsize=\"20\" data-lineheight=\"30px\">2. Anzahlung und Restzahlung<\/p>\n<\/h6>\n<p>Zahlungen auf den Reisepreis vor Beendigung der Reise d\u00fcrfen nur gegen Aush\u00e4ndigung des Sicherungsscheines i. S. v. \u00a7 651k Abs. 3 BGB erfolgen. Bei Reisen mit mindestens einer \u00dcbernachtung ist mit Erhalt der Buchungsbest\u00e4tigung und des Reisepreissicherungsscheines eine Anzahlung von:<\/p>\n<ul>\n<li>Reise ohne Flug 10% und<\/li>\n<li>Reise Flugtickets inklusive 20%<\/li>\n<\/ul>\n<p>des Reisepreises f\u00e4llig \u2013 zahlbar innerhalb von sieben Tagen nach Erhalt der vorgenannten Unterlagen. Die Restzahlung ist bis vier Wochen vor Reisebeginn zu zahlen. Die Einzahlung erfolgt jeweils in einer Summe f\u00fcr alle angemeldeten Reiseteilnehmer. Ist der volle Reisepreis eingegangen, werden die Reiseunterlagen zugesandt. Ist bis zum Reiseantritt der Reisepreis nicht vollst\u00e4ndig bezahlt, wird der Vertrag nach Mahnung und Fristsetzung aufgel\u00f6st. Der Reiseveranstalter kann als Entsch\u00e4digung die entsprechenden R\u00fccktrittsgeb\u00fchren verlangen, es sei denn, dass bereits zu diesem Zeitpunkt ein erheblicher Reisemangel vorliegt.<\/p>\n<h6 class=\"fusion-responsive-typography-calculated\" data-fontsize=\"20\" data-lineheight=\"30px\">3. Leistungen<\/p>\n<\/h6>\n<p>Welche Leistungen vertraglich vereinbart sind, ergibt sich aus den<br \/>Leistungsbeschreibungen im Prospekt und aus den hierauf bezugnehmenden Angaben in der Reisebest\u00e4tigung. Die in dem Prospekt enthaltenen Angaben sind f\u00fcr den Reiseveranstalter bindend. Der Reiseveranstalter beh\u00e4lt sich jedoch ausdr\u00fccklich vor, vor Vertragsschluss eine \u00c4nderung der Prospektangaben zu erkl\u00e4ren, \u00fcber die der Reisende vor Buchung selbstverst\u00e4ndlich informiert wird.<\/p>\n<h6 class=\"fusion-responsive-typography-calculated\" data-fontsize=\"20\" data-lineheight=\"30px\">4. Leistung- und Preis\u00e4nderungen<\/p>\n<\/h6>\n<p>\u00c4nderungen oder Abweichungen einzelner Reiseleistungen von dem<br \/>vereinbarten Inhalt des Reisevertrages, die nach Vertragsschluss notwendig werden und die vom Reiseveranstalter nicht wider Treu und Glauben herbeigef\u00fchrt wurden, sind nur gestattet, soweit die \u00c4nderungen oder Abweichungen erheblich sind und den Gesamtzuschnitt der gebuchten Reise nicht beeintr\u00e4chtigen. Etwaige Gew\u00e4hrleistungsanspr\u00fcche bleiben unber\u00fchrt, soweit die ge\u00e4nderten Leistungen mit M\u00e4ngeln behaftet sind. Der Reiseveranstalter ist verpflichtet, den Kunden \u00fcber Leistungs\u00e4nderungen oder -abweichungen unverz\u00fcglich in Kenntnis zu setzen. Gegebenenfalls wird er dem Kunden eine kostenlose Umbuchung oder einen kostenlosen R\u00fccktritt anbieten.<\/p>\n<h6 class=\"fusion-responsive-typography-calculated\" data-fontsize=\"20\" data-lineheight=\"30px\">5. R\u00fccktritt durch den Kunden. Umbuchungen. Ersatzpersonen<\/p>\n<\/h6>\n<p>Der Kunde kann jederzeit vor Reisebeginn von der Reise zur\u00fccktreten. Ma\u00dfgeblich ist der Zugang der R\u00fccktrittserkl\u00e4rung beim Reiseveranstalter. Dem Kunden wird empfohlen, den R\u00fccktritt schriftlich zu erkl\u00e4ren. Tritt der Kunde vom Reisevertrag zur\u00fcck oder tritt er die Reise nicht an, so kann der Reiseveranstalter Ersatz f\u00fcr die getroffenen Reisevorkehrungen und f\u00fcr seine Aufwendungen verlangen. Der Reiseveranstalter kann diesen Ersatzanspruch unter Ber\u00fccksichtigung der nachstehenden Gliederung nach der N\u00e4he des Zeitpunktes des R\u00fccktrittes zum vertraglich vereinbarten Reisebeginn in einem prozentualen Verh\u00e4ltnis zum Reisepreis pauschalieren:<\/p>\n<ul>\n<li>Reise ohne Flug bis zum 30. Tag vor Reiseantritt: 10% des Reisepreises;<\/li>\n<li>Reise Flugtickets inklusive bis zum 30. Tag vor Reiseantritt: 20% des Reisepreises;<\/li>\n<li>vom 29. bis zum 22. Tag vor Reiseantritt:50% des Reisepreises;<\/li>\n<li>vom 21. bis 7. Tag vor Reiseantritt: 80% des Reisepreises;<\/li>\n<li>ab dem 6. Tag vor Reiseantritt besteht kein Anspruch auf Erstattung.<\/li>\n<\/ul>\n<p>Dem Kunden bleibt der Nachweis niedrigeren Kosten unbenommen. Um Buchungsw\u00fcnsche des Kunden, die nach Ablauf der Fristen erfolgen, k\u00f6nnen, sofern ihre Durchf\u00fchrung \u00fcberhaupt m\u00f6glich ist, nur nach R\u00fccktritt vom Reisevertrag zu den Bedingungen gem\u00e4\u00df Ziff. 5 und gleichzeitiger Neuanmeldung durchgef\u00fchrt werden. Dies gilt nicht bei Umbuchungsw\u00fcnschen, die nur geringf\u00fcgige Kosten verursachen. W\u00fcnscht der Kunde nach Vertragsabschluss eine \u00c4nderung der Reise, ist der Reiseveranstalter bem\u00fcht, dies zu erm\u00f6glichen. Im Falle eines R\u00fccktritts kann der Reiseveranstalter vom Kunden die tats\u00e4chlich entstandenen Mehrkosten verlangen. Wir empfehlen Ihnen den Abschluss einer Reiser\u00fccktrittskostenversicherung.<\/p>\n<h6 class=\"fusion-responsive-typography-calculated\" data-fontsize=\"20\" data-lineheight=\"30px\">6. R\u00fccktritt und K\u00fcndigung durch den Reiseveranstalter<\/p>\n<\/h6>\n<p>Der Reiseveranstalter kann in folgenden F\u00e4llen vor Antritt der Reise vom Reisevertrag zur\u00fccktreten oder nach Eintritt der Reise den Reisevertrag k\u00fcndigen:<br \/>a) ohne Einhaltung einer Frist wenn der Reisende die Durchf\u00fchrung der Reise ungeachtet einer Abmahnung des Reiseveranstalters nachhaltig st\u00f6rt oder wenn er sich in solchem Ma8e vertragswidrig verh\u00e4lt, dass die sofortige Aufhebung des Vertrages gerechtfertigt ist. K\u00fcndigt der Reiseveranstalter, so beh\u00e4lt er den Anspruch auf den Reisepreis.<br \/>b) bis zwei Wochen vor Reiseantritt bei Nichterreichen einer ausgeschriebenen oder beh\u00f6rdlich festgelegten Mindestteilnehmerzahl, wenn in der Reiseausschreibung f\u00fcr die entsprechende Reise auf einen Mindestteilnehmerzahl hingewiesen wird. In jedem Falle ist der Reiseveranstalter verpflichtet, dem Kunden unverz\u00fcglich nach Eintritt der Voraussetzung f\u00fcr die Nichtdurchf\u00fchrung der Reise hiervon in Kenntnis zu setzen und ihm die R\u00fccktrittserkl\u00e4rung unverz\u00fcglich zuzuleiten. Der Kunde erh\u00e4lt den eingezahlten Reisepreis unverz\u00fcglich zur\u00fcck. Sollte bereits zu einem fr\u00fcheren Zeitpunkt ersichtlich sein, dass die Mindestteilnehmerzahl nicht erreicht werden kann, hat der Reiseveranstalter den Kunden davon zu unterrichten.<br \/>c) bis vier Wochen vor Reiseantritt wenn die Durchf\u00fchrung der Reise nach Aussch\u00f6pfung aller M\u00f6glichkeiten f\u00fcr den Reiseveranstalter deshalb nicht zumutbar ist, weil das Buchungsaufkommen f\u00fcr diese Reise so gering ist, dass die dem Reiseveranstalter im Falle der Durchf\u00fchrung der Reise entstehenden Kosten eine \u00dcberschreitung der wirtschaftlichen Opfergrenze, bezogen auf diese Reise, bedeuten w\u00fcrde. Wird die Reise aus diesem Grund abgesagt, so erh\u00e4lt der Kunde den eingezahlten Reisepreis unverz\u00fcglich zur\u00fcck.<\/p>\n<h6 class=\"fusion-responsive-typography-calculated\" data-fontsize=\"20\" data-lineheight=\"30px\">7. Aufhebung des Vertrages wegen au\u00dfergew\u00f6hnlicher Umst\u00e4nde<\/h6>\n<p><span style=\"font-size: 16px;\"><br \/>Wird die Reise infolge bei Vertragsabschluss nicht voraussehbarer h\u00f6herer Gewalt erheblich erschwert, gef\u00e4hrdet oder beeintr\u00e4chtigt, so k\u00f6nnen sowohl der Reiseveranstalter als auch der Reisende den Vertrag k\u00fcndigen. Wird der Vertrag gek\u00fcndigt, so kann der Reiseveranstalter f\u00fcr die bereits erbrachten oder zur Beendigung der Reise noch zu erbringenden Reiseleistungen eine angemessene Entsch\u00e4digung verlangen.<\/span><\/p>\n<h6 class=\"fusion-responsive-typography-calculated\" data-fontsize=\"20\" data-lineheight=\"30px\">8. Haftung des Reiseveranstalters<\/h6>\n<p><span style=\"font-size: 16px;\"><br \/>Der Reiseveranstalter haftet im Rahmen der Sorgfaltspflicht eines ordentlichen Kaufmanns f\u00fcr:<br \/><\/span><\/p>\n<p><span style=\"font-size: 16px;\"><strong>1.<\/strong> die gewissenhafte Reisevorbereitung;<br \/><\/span><strong style=\"font-size: 16px;\">2.<\/strong><span style=\"font-size: 16px;\"> die sorgf\u00e4ltige Auswahl und \u00dcberwachung der Leistungstr\u00e4ger;<br \/><\/span><strong style=\"font-size: 16px;\">3.<\/strong><span style=\"font-size: 16px;\"> die Richtigkeit der Beschreibung aller in den Katalogen angegebenen Reiseleistungen, sofern der Reiseveranstalter nicht gem\u00e4\u00df Ziff. 3 vor Vertragsschluss eine \u00c4nderung der Prospektangaben erkl\u00e4rt hat;<br \/><\/span><strong style=\"font-size: 16px;\">4.<\/strong><span style=\"font-size: 16px;\"> die ordnungsgem\u00e4\u00dfe Erbringung der vereinbarten Reiseleistungen. Der Reiseveranstalter haftet f\u00fcr ein Verschulden der mit der Leistungserbringung betrauten Personen. Wird im Rahmen einer Reise oder zus\u00e4tzlich zu dieser eine Bef\u00f6rderung im Linienverkehr erbracht und dem Reisenden hierf\u00fcr ein entsprechender Bef\u00f6rderungsausweis ausgestellt, so erbringt der Reiseveranstalter insoweit Fremdleistungen, sofern er in der Reiseausschreibung und in der Reisebest\u00e4tigung ausdr\u00fccklich darauf hinweist. Er haftet daher nicht f\u00fcr die Erbringung der Bef\u00f6rderungsleistung selbst. Eine etwaige Haftung regelt sich in diesem Fall nach den Bef\u00f6rderungsbestimmungen dieser Unternehmen.<\/span><\/p>\n<h6 class=\"fusion-responsive-typography-calculated\" data-fontsize=\"20\" data-lineheight=\"30px\">9. Beschr\u00e4nkung der Haftung<\/p>\n<\/h6>\n<p>Die vertragliche Haftung des Reiseveranstalters f\u00fcr Sch\u00e4den, die<br \/>Nichtk\u00f6rpersch\u00e4den sind, ist auf den dreifachen Reisepreis beschr\u00e4nkt,<br \/><strong>1.<\/strong> soweit ein Schaden des Reisenden weder vors\u00e4tzlich noch grob fahrl\u00e4ssig herbeigef\u00fchrt wird oder<br \/><strong>2.<\/strong> soweit der Reiseveranstalter f\u00fcr einen dem Reisenden entstehenden Schaden allein wegen eines Verschuldens eines Leistungstr\u00e4gers verantwortlich ist. F\u00fcr alle gegen den Veranstalter gerichteten Schadensersatzanspruchs aus unerlaubter Handlung, die nicht auf Vorsatz oder grobe Fahrl\u00e4ssigkeit beruhen, haftet der Veranstalter bei Sachsch\u00e4den bis 4100,- \u20ac. \u00dcbersteigt der dreifache Reisepreis diese Summe, ist die Haftung f\u00fcr Sachsch\u00e4den auf die H\u00f6he des dreifachen Reisepreises beschr\u00e4nkt. Diese Haftungsh\u00f6chstsumme gelten jeweils je Reisenden und Reise. Der Reiseveranstalter haftet nicht f\u00fcr Leistungsst\u00f6rungen im Zusammenhang mit Leistungen, die als Fremdleistungen lediglich vermittelt werden und die in der Reiseausschreibung ausdr\u00fccklich als Fremdleistungen gekennzeichnet werden.<\/p>\n<h6 class=\"fusion-responsive-typography-calculated\" data-fontsize=\"20\" data-lineheight=\"30px\">10. Mitwirkungspflicht<\/p>\n<\/h6>\n<p>Der Reisende ist verpflichtet, bei aufgetretenen Leistungsst\u00f6rungen im Rahmen der gesetzlichen Bestimmungen mitzuwirken, evtl. Sch\u00e4den zu vermeiden oder gering zu halten. Der Reisende ist verpflichtet, seine Beanstandungen unverz\u00fcglich dem Reiseleiter zur Kenntnis zu geben. Dieser ist beauftragt, f\u00fcr Abhilfe zu sorgen, sofern dies m\u00f6glich ist. Unterl\u00e4sst es der Reisende schuldhaft, einen Mangel anzuzeigen, so tritt ein Anspruch auf Minderung nicht ein.<\/p>\n<h6 class=\"fusion-responsive-typography-calculated\" data-fontsize=\"20\" data-lineheight=\"30px\">11. Unwirksamkeit einzelner Bestimmungen<\/p>\n<\/h6>\n<p>Die Unwirksamkeit einzelner Bestimmungen des Reisevertrages hat nicht die Unwirksamkeit des gesamten Reisevertrages zur Folge.<\/p>\n<h6 class=\"fusion-responsive-typography-calculated\" data-fontsize=\"20\" data-lineheight=\"30px\">12. Gerichtsstand<\/p>\n<\/h6>\n<p>Der Reisende kann den Reiseveranstalter nur an dessen Sitz verklagen. F\u00fcr Klagen des Reiseveranstalters gegen den Reisenden ist der Wohnsitz des Reisenden ma\u00dfgebend es sei denn, die Klage richtet sich gegen Vollkaufleute oder Personen, die nach Abschluss des Vertrages ihren Wohnsitz oder gew\u00f6hnlichen Aufenthaltsort ins Ausland verlegt haben, oder deren Wohnsitz oder gew\u00f6hnlichen Aufenthalt im Zeitpunkt der Klageerhebung nicht bekannt ist. In diesen F\u00e4llen ist der Sitz des Reiseveranstalters ma8gebend. Zum Schluss: Unsere Reisen bed\u00fcrfen Ihrer pers\u00f6nlichen Mitwirkung. So sollten Sie nicht nur gesund und in normaler k\u00f6rperlicher Verfassung sein, sondern auch in der Lage, mit Humor und Verst\u00e4ndnis Verz\u00f6gerungen oder \u00c4nderungen im Programm zu begegnen. Flexibilit\u00e4t und Teamgeist sind die besten Voraussetzungen, um die jeweilige Reise zu einem unvergesslichen Erlebnis f\u00fcr alle Teilnehmer zu machen.<\/p>\n\t\t\t\t\t\t\t\t<\/div>\n\t\t\t\t\t<\/div>\n\t\t\t\t<\/div>\n\t\t\t\t<\/div>\n\t\t","protected":false},"excerpt":{"rendered":"<p>AGB Activest Allgemeine Gesch\u00e4ftsbedingungen 1. Abschluss des Reisevertrages Mit der Anmeldung bieten Sie als Kunde dem Reiseveranstalter BaltikumNaturReisen den Abschluss eines Reisevertrages verbindlich an. Die Anmeldung kann schriftlich, m\u00fcndlich oder fernm\u00fcndlich vorgenommen werden. Sie erfolgt durch den Anmelder auch f\u00fcr [&hellip;]<\/p>\n","protected":false},"author":1,"featured_media":0,"parent":0,"menu_order":0,"comment_status":"closed","ping_status":"closed","template":"elementor_header_footer","meta":{"_surecart_dashboard_logo_width":"180px","_surecart_dashboard_show_logo":true,"_surecart_dashboard_navigation_orders":true,"_surecart_dashboard_navigation_invoices":true,"_surecart_dashboard_navigation_subscriptions":true,"_surecart_dashboard_navigation_downloads":true,"_surecart_dashboard_navigation_billing":true,"_surecart_dashboard_navigation_account":true,"footnotes":""},"class_list":["post-10143","page","type-page","status-publish","hentry","travel-monster-post","no-post-thumbnail","latest_post"],"_links":{"self":[{"href":"https:\/\/activest.natourest.ee\/en\/wp-json\/wp\/v2\/pages\/10143","targetHints":{"allow":["GET"]}}],"collection":[{"href":"https:\/\/activest.natourest.ee\/en\/wp-json\/wp\/v2\/pages"}],"about":[{"href":"https:\/\/activest.natourest.ee\/en\/wp-json\/wp\/v2\/types\/page"}],"author":[{"embeddable":true,"href":"https:\/\/activest.natourest.ee\/en\/wp-json\/wp\/v2\/users\/1"}],"replies":[{"embeddable":true,"href":"https:\/\/activest.natourest.ee\/en\/wp-json\/wp\/v2\/comments?post=10143"}],"version-history":[{"count":1,"href":"https:\/\/activest.natourest.ee\/en\/wp-json\/wp\/v2\/pages\/10143\/revisions"}],"predecessor-version":[{"id":10144,"href":"https:\/\/activest.natourest.ee\/en\/wp-json\/wp\/v2\/pages\/10143\/revisions\/10144"}],"wp:attachment":[{"href":"https:\/\/activest.natourest.ee\/en\/wp-json\/wp\/v2\/media?parent=10143"}],"curies":[{"name":"wp","href":"https:\/\/api.w.org\/{rel}","templated":true}]}}