{"id":10145,"date":"2026-04-16T15:41:42","date_gmt":"2026-04-16T12:41:42","guid":{"rendered":"https:\/\/activest.natourest.ee\/privacy-policy-datenschutzerklaerung\/"},"modified":"2026-04-23T14:10:59","modified_gmt":"2026-04-23T11:10:59","slug":"datenschutzerklaerung","status":"publish","type":"page","link":"https:\/\/activest.natourest.ee\/en\/datenschutzerklaerung\/","title":{"rendered":"Datenschutzerkl\u00e4rung"},"content":{"rendered":"\t\t<div data-elementor-type=\"wp-page\" data-elementor-id=\"10145\" class=\"elementor elementor-10145 elementor-9519\" data-elementor-post-type=\"page\">\n\t\t\t\t<div class=\"elementor-element elementor-element-3c05972 e-flex e-con-boxed e-con e-parent\" data-id=\"3c05972\" data-element_type=\"container\" data-e-type=\"container\">\n\t\t\t\t\t<div class=\"e-con-inner\">\n\t\t\t\t<div class=\"elementor-element elementor-element-5b88910 elementor-widget elementor-widget-heading\" data-id=\"5b88910\" data-element_type=\"widget\" data-e-type=\"widget\" data-widget_type=\"heading.default\">\n\t\t\t\t\t<h2 class=\"elementor-heading-title elementor-size-default\">Privacy Policy \/ Datenschutzerkl\u00e4rung<\/h2>\t\t\t\t<\/div>\n\t\t\t\t<div class=\"elementor-element elementor-element-fcf7d25 elementor-widget elementor-widget-text-editor\" data-id=\"fcf7d25\" data-element_type=\"widget\" data-e-type=\"widget\" data-widget_type=\"text-editor.default\">\n\t\t\t\t\t\t\t\t\t<p>Datenschutzerkl\u00e4rung (Activest)<\/p><br><p data-start=\"310\" data-end=\"334\"><strong data-start=\"310\" data-end=\"334\">Datenschutzerkl\u00e4rung<\/strong><\/p><br><p><strong>1. Verantwortlicher<\/strong><\/p><br><p data-start=\"361\" data-end=\"447\"><strong>Aktivest O\u00dc<\/strong><br>+372 501 6222<br>+372 513 7141<br><a href=\"mailto:info@activest.ee\">info@activest.ee<\/a><br>L\u00e4\u00e4ne-Virumaa, Haljala vald, Madine, 45403<\/p><br><hr data-start=\"449\" data-end=\"452\"><br><p><strong data-start=\"457\" data-end=\"502\">2. Allgemeine Hinweise zur Datenverarbeitung<\/strong><\/p><br><p data-start=\"504\" data-end=\"698\">Der Schutz Ihrer pers\u00f6nlichen Daten ist uns sehr wichtig. Wir verarbeiten Ihre personenbezogenen Daten vertraulich und entsprechend der gesetzlichen Datenschutzvorschriften (insbesondere DSGVO).<\/p><br><p data-start=\"700\" data-end=\"793\">Personenbezogene Daten sind alle Daten, mit denen Sie pers\u00f6nlich identifiziert werden k\u00f6nnen.<\/p><br><hr data-start=\"795\" data-end=\"798\"><br><p><strong data-start=\"803\" data-end=\"846\">3. Erfassung von Daten auf unserer Website<\/strong><\/p><br><h6 data-section-id=\"tj1upj\" data-start=\"848\" data-end=\"872\">a) Server-Logfiles<\/h6><br><p data-start=\"873\" data-end=\"942\">Beim Besuch unserer Website werden automatisch Informationen erfasst:<\/p><br><ul data-start=\"944\" data-end=\"1052\">\r\n<li data-section-id=\"1h0uk97\" data-start=\"944\" data-end=\"958\">IP-Adresse<\/li>\r\n<li data-section-id=\"78ua8h\" data-start=\"959\" data-end=\"986\">Browsertyp und -version<\/li>\r\n<li data-section-id=\"kiy1ht\" data-start=\"987\" data-end=\"1005\">Betriebssystem<\/li>\r\n<li data-section-id=\"anwpz4\" data-start=\"1006\" data-end=\"1022\">Referrer URL<\/li>\r\n<li data-section-id=\"6is6x7\" data-start=\"1023\" data-end=\"1052\">Uhrzeit der Serveranfrage<\/li>\r\n<\/ul><br><p data-start=\"1054\" data-end=\"1158\">Diese Daten dienen der technischen Sicherheit und werden nicht mit anderen Datenquellen zusammengef\u00fchrt.<\/p><br><h6 data-section-id=\"13ra3n5\" data-start=\"1165\" data-end=\"1187\">b) Kontaktformular<\/h6><br><p data-start=\"1189\" data-end=\"1268\">Wenn Sie uns \u00fcber ein Formular kontaktieren, werden folgende Daten gespeichert:<\/p><br><ul data-start=\"1270\" data-end=\"1311\">\r\n<li data-section-id=\"1t2yru7\" data-start=\"1270\" data-end=\"1278\">Name<\/li>\r\n<li data-section-id=\"1iykec3\" data-start=\"1279\" data-end=\"1297\">E-Mail-Adresse<\/li>\r\n<li data-section-id=\"i5wv54\" data-start=\"1298\" data-end=\"1311\">Nachricht<\/li>\r\n<\/ul><br><p data-start=\"1313\" data-end=\"1384\">Diese Daten verwenden wir ausschlie\u00dflich zur Bearbeitung Ihrer Anfrage.<\/p><br><h6 data-section-id=\"1ayim0j\" data-start=\"1391\" data-end=\"1412\">c) Telefonkontakt<\/h6><br><p data-start=\"1414\" data-end=\"1522\">Wenn Sie uns telefonisch kontaktieren, k\u00f6nnen Ihre Angaben zur Bearbeitung Ihrer Anfrage gespeichert werden.<\/p><br><hr data-start=\"1524\" data-end=\"1527\"><br><p><strong data-start=\"1532\" data-end=\"1569\"><br>4. Buchungssystem (WP Travel Engine)<\/strong><\/p><br><p data-start=\"1571\" data-end=\"1651\">Unsere Website nutzt ein Buchungs- und Anfrage-System (WP Travel Engine Plugin).<\/p><br><p data-start=\"1653\" data-end=\"1696\">Dabei k\u00f6nnen folgende Daten erhoben werden:<\/p><br><ul data-start=\"1698\" data-end=\"1779\">\r\n<li data-section-id=\"1t2yru7\" data-start=\"1698\" data-end=\"1706\">Name<\/li>\r\n<li data-section-id=\"1n69q6q\" data-start=\"1707\" data-end=\"1723\">Kontaktdaten<\/li>\r\n<li data-section-id=\"1hmo7x6\" data-start=\"1724\" data-end=\"1738\">Reisedaten<\/li>\r\n<li data-section-id=\"1vnve7t\" data-start=\"1739\" data-end=\"1779\">Zahlungsinformationen (falls relevant)<\/li>\r\n<\/ul><br><p data-start=\"1781\" data-end=\"1853\">Diese Daten sind notwendig zur Organisation und Durchf\u00fchrung von Reisen.<\/p><br><hr data-start=\"1855\" data-end=\"1858\"><br><p><strong data-start=\"1863\" data-end=\"1874\"><br>5. Cookies<\/strong><\/p><br><p data-start=\"1876\" data-end=\"1982\">Unsere Website verwendet Cookies. Cookies sind kleine Textdateien, die auf Ihrem Ger\u00e4t gespeichert werden.<\/p><br><p data-start=\"1984\" data-end=\"1998\">Wir verwenden:<\/p><br><ul data-start=\"2000\" data-end=\"2088\">\r\n<li data-section-id=\"18nw3ng\" data-start=\"2000\" data-end=\"2032\">technisch notwendige Cookies<\/li>\r\n<li data-section-id=\"1i8muqn\" data-start=\"2033\" data-end=\"2088\">Analyse- und Marketing-Cookies (nur mit Einwilligung)<\/li>\r\n<\/ul><br><p data-start=\"2090\" data-end=\"2144\">Sie k\u00f6nnen Ihre Cookie-Einstellungen jederzeit \u00e4ndern.<\/p><br><hr data-start=\"2146\" data-end=\"2149\"><br><p><strong data-start=\"2154\" data-end=\"2174\">6. Google Analytics<\/strong><\/p><br><p data-start=\"2176\" data-end=\"2235\">Diese Website nutzt Google Analytics (Google Ireland Ltd.).<\/p><br><p data-start=\"2237\" data-end=\"2315\">Google Analytics verwendet Cookies, um die Nutzung der Website zu analysieren.<\/p><br><p data-start=\"2317\" data-end=\"2344\">Erfasste Daten k\u00f6nnen sein:<\/p><br><ul data-start=\"2346\" data-end=\"2419\">\r\n<li data-section-id=\"1vaxpnk\" data-start=\"2346\" data-end=\"2375\">IP-Adresse (anonymisiert)<\/li>\r\n<li data-section-id=\"o93dld\" data-start=\"2376\" data-end=\"2395\">Nutzerverhalten<\/li>\r\n<li data-section-id=\"vz2isq\" data-start=\"2396\" data-end=\"2419\">Ger\u00e4teinformationen<\/li>\r\n<\/ul><br><p data-start=\"2421\" data-end=\"2489\">Die Verarbeitung erfolgt nur mit Ihrer Einwilligung (Cookie-Banner).<\/p><br><hr data-start=\"2491\" data-end=\"2494\"><br><p><strong data-start=\"2499\" data-end=\"2524\"><br>7. Meta (Facebook) Pixel<\/strong><\/p><br><p data-start=\"2526\" data-end=\"2583\">Wir nutzen das Meta Pixel von Meta Platforms Ireland Ltd.<\/p><br><p data-start=\"2585\" data-end=\"2665\">Damit k\u00f6nnen wir das Verhalten von Besuchern analysieren und Werbung optimieren.<\/p><br><p data-start=\"2667\" data-end=\"2705\">Dabei k\u00f6nnen Daten erfasst werden wie:<\/p><br><ul data-start=\"2707\" data-end=\"2768\">\r\n<li data-section-id=\"19yts4z\" data-start=\"2707\" data-end=\"2726\">besuchte Seiten<\/li>\r\n<li data-section-id=\"lqcvld\" data-start=\"2727\" data-end=\"2744\">Interaktionen<\/li>\r\n<li data-section-id=\"vz2isq\" data-start=\"2745\" data-end=\"2768\">Ger\u00e4teinformationen<\/li>\r\n<\/ul><br><p data-start=\"2770\" data-end=\"2828\">Diese Daten werden nur mit Ihrer Einwilligung verarbeitet.<\/p><br><hr data-start=\"2830\" data-end=\"2833\"><br><p><strong data-start=\"2838\" data-end=\"2857\"><br>8. Datenweitergabe<\/strong><\/p><br><p data-start=\"2859\" data-end=\"2899\">Eine Weitergabe Ihrer Daten erfolgt nur:<\/p><br><ul data-start=\"2901\" data-end=\"3040\">\r\n<li data-section-id=\"3k1idb\" data-start=\"2901\" data-end=\"2948\">wenn es zur Vertragserf\u00fcllung notwendig ist<\/li>\r\n<li data-section-id=\"13r3884\" data-start=\"2949\" data-end=\"2995\">wenn wir gesetzlich dazu verpflichtet sind<\/li>\r\n<li data-section-id=\"ov7n3e\" data-start=\"2996\" data-end=\"3040\">wenn Sie ausdr\u00fccklich eingewilligt haben<\/li>\r\n<\/ul><br><hr data-start=\"3042\" data-end=\"3045\"><br><p><strong data-start=\"3050\" data-end=\"3067\"><br>9. Speicherdauer<\/strong><\/p><br><p data-start=\"3069\" data-end=\"3197\">Ihre Daten werden nur so lange gespeichert, wie es f\u00fcr den jeweiligen Zweck erforderlich ist oder gesetzlich vorgeschrieben ist.<\/p><br><hr data-start=\"3199\" data-end=\"3202\"><br><p><strong data-start=\"3208\" data-end=\"3223\"><br>10. Ihre Rechte<\/strong><\/p><br><p data-start=\"3225\" data-end=\"3255\">Sie haben jederzeit das Recht:<\/p><br><ul data-start=\"3257\" data-end=\"3475\">\r\n<li data-section-id=\"1axzsve\" data-start=\"3257\" data-end=\"3297\">Auskunft \u00fcber Ihre Daten zu erhalten<\/li>\r\n<li data-section-id=\"1wsg1qw\" data-start=\"3298\" data-end=\"3327\">Berichtigung zu verlangen<\/li>\r\n<li data-section-id=\"ixmh5j\" data-start=\"3328\" data-end=\"3353\">L\u00f6schung zu verlangen<\/li>\r\n<li data-section-id=\"125wfcr\" data-start=\"3354\" data-end=\"3401\">Einschr\u00e4nkung der Verarbeitung zu verlangen<\/li>\r\n<li data-section-id=\"1yab3iw\" data-start=\"3402\" data-end=\"3439\">Daten\u00fcbertragbarkeit zu verlangen<\/li>\r\n<li data-section-id=\"t23nq0\" data-start=\"3440\" data-end=\"3475\">Ihre Einwilligung zu widerrufen<\/li>\r\n<\/ul><br><p data-start=\"3477\" data-end=\"3544\">Beschwerden k\u00f6nnen bei einer Datenschutzbeh\u00f6rde eingereicht werden.<\/p><br><hr data-start=\"3546\" data-end=\"3549\"><br><p><strong data-start=\"3555\" data-end=\"3578\">11. SSL-Verschl\u00fcsselung<\/strong><\/p><br><p data-start=\"3580\" data-end=\"3654\">Diese Seite nutzt aus Sicherheitsgr\u00fcnden eine SSL-Verschl\u00fcsselung (https).<\/p><br><hr data-start=\"3656\" data-end=\"3659\"><br><p><strong data-start=\"3665\" data-end=\"3707\"><br>12. \u00c4nderungen dieser Datenschutzerkl\u00e4rung<\/strong><\/p><br><p data-start=\"3709\" data-end=\"3780\">Wir behalten uns vor, diese Datenschutzerkl\u00e4rung bei Bedarf anzupassen.<\/p><br><h6 data-section-id=\"amuhvc\" data-start=\"330\" data-end=\"358\"><span role=\"text\"><strong data-start=\"334\" data-end=\"358\">13. Zahlungsanbieter\r\n<\/strong><p><strong data-start=\"334\" data-end=\"358\"><\/strong><\/p><\/span><\/h6><br><h6 data-start=\"360\" data-end=\"378\"><span role=\"text\"><strong data-start=\"365\" data-end=\"378\">a) Stripe<\/strong><\/span><\/h6><br><p data-start=\"380\" data-end=\"448\">Wir nutzen den Zahlungsdienstleister <strong data-start=\"417\" data-end=\"448\">Stripe Payments Europe Ltd.<\/strong><\/p><br><p data-start=\"450\" data-end=\"545\">Wenn Sie eine Zahlung \u00fcber Stripe durchf\u00fchren, werden Ihre Zahlungsdaten an Stripe \u00fcbermittelt.<\/p><br><p data-start=\"547\" data-end=\"574\">Erhobene Daten k\u00f6nnen sein:<\/p><br><ul data-start=\"576\" data-end=\"671\">\r\n<li data-section-id=\"1t2yru7\" data-start=\"576\" data-end=\"584\">Name<\/li>\r\n<li data-section-id=\"1iykec3\" data-start=\"585\" data-end=\"603\">E-Mail-Adresse<\/li>\r\n<li data-section-id=\"xr945m\" data-start=\"604\" data-end=\"649\">Zahlungsinformationen (z. B. Kreditkarte)<\/li>\r\n<li data-section-id=\"tz8tot\" data-start=\"650\" data-end=\"671\">Transaktionsdaten<\/li>\r\n<\/ul><br><p data-start=\"673\" data-end=\"727\">Die Verarbeitung erfolgt zur Durchf\u00fchrung der Zahlung.<\/p><br><p data-start=\"729\" data-end=\"781\">Weitere Informationen: <a class=\"decorated-link\" href=\"https:\/\/stripe.com\/de\/privacy\" target=\"_new\" rel=\"noopener\" data-start=\"752\" data-end=\"781\">https:\/\/stripe.com\/de\/privacy<\/a><\/p><br><hr data-start=\"783\" data-end=\"786\"><br><h6 data-start=\"788\" data-end=\"806\"><span role=\"text\"><strong data-start=\"793\" data-end=\"806\"><br>b) PayPal<\/strong><\/span><\/h6><br><p data-start=\"808\" data-end=\"890\">Wir bieten Zahlungen \u00fcber <strong data-start=\"834\" data-end=\"886\">PayPal (PayPal (Europe) S.\u00e0 r.l. et Cie, S.C.A.)<\/strong> an.<\/p><br><p data-start=\"892\" data-end=\"956\">Wenn Sie PayPal nutzen, werden Ihre Daten an PayPal \u00fcbermittelt.<\/p><br><p data-start=\"958\" data-end=\"977\">Dies kann umfassen:<\/p><br><ul data-start=\"979\" data-end=\"1047\">\r\n<li data-section-id=\"1t2yru7\" data-start=\"979\" data-end=\"987\">Name<\/li>\r\n<li data-section-id=\"1iykec3\" data-start=\"988\" data-end=\"1006\">E-Mail-Adresse<\/li>\r\n<li data-section-id=\"1y00sjj\" data-start=\"1007\" data-end=\"1025\">Zahlungsbetrag<\/li>\r\n<li data-section-id=\"tz8tot\" data-start=\"1026\" data-end=\"1047\">Transaktionsdaten<\/li>\r\n<\/ul><br><p data-start=\"1049\" data-end=\"1125\">Weitere Informationen: <a class=\"decorated-link\" href=\"https:\/\/www.paypal.com\/de\/webapps\/mpp\/ua\/privacy-full\" target=\"_new\" rel=\"noopener\" data-start=\"1072\" data-end=\"1125\">https:\/\/www.paypal.com\/de\/webapps\/mpp\/ua\/privacy-full<\/a><\/p><br><hr data-start=\"1127\" data-end=\"1130\"><br><h6 data-start=\"1132\" data-end=\"1182\"><span role=\"text\"><strong data-start=\"1137\" data-end=\"1182\"><br>c) Zahlung per Rechnung \/ Bank\u00fcberweisung<\/strong><\/span><\/h6><br><p data-start=\"1184\" data-end=\"1257\">Wir bieten die M\u00f6glichkeit der Zahlung per Rechnung (Bank\u00fcberweisung) an.<\/p><br><p data-start=\"1259\" data-end=\"1296\">Dabei verarbeiten wir folgende Daten:<\/p><br><ul data-start=\"1298\" data-end=\"1366\">\r\n<li data-section-id=\"1t2yru7\" data-start=\"1298\" data-end=\"1306\">Name<\/li>\r\n<li data-section-id=\"efve0y\" data-start=\"1307\" data-end=\"1327\">Rechnungsadresse<\/li>\r\n<li data-section-id=\"1iykec3\" data-start=\"1328\" data-end=\"1346\">E-Mail-Adresse<\/li>\r\n<li data-section-id=\"di1j21\" data-start=\"1347\" data-end=\"1366\">Buchungsdetails<\/li>\r\n<\/ul><br><p data-start=\"1368\" data-end=\"1457\">Diese Daten werden ausschlie\u00dflich zur Rechnungsstellung und Zahlungsabwicklung verwendet.<\/p><br><p data-start=\"1548\" data-end=\"1667\"><strong data-start=\"1548\" data-end=\"1667\">&#8220;Je nach gew\u00e4hlter Zahlungsmethode gelten zus\u00e4tzlich die Datenschutzbestimmungen des jeweiligen Zahlungsanbieters.&#8221;<\/strong><\/p>\t\t\t\t\t\t\t\t<\/div>\n\t\t\t\t\t<\/div>\n\t\t\t\t<\/div>\n\t\t\t\t<\/div>\n\t\t","protected":false},"excerpt":{"rendered":"<p>Privacy Policy \/ Datenschutzerkl\u00e4rung Datenschutzerkl\u00e4rung (Activest) Datenschutzerkl\u00e4rung 1. Verantwortlicher Aktivest O\u00dc+372 501 6222+372 513 7141info@activest.eeL\u00e4\u00e4ne-Virumaa, Haljala vald, Madine, 45403 2. Allgemeine Hinweise zur Datenverarbeitung Der Schutz Ihrer pers\u00f6nlichen Daten ist uns sehr wichtig. Wir verarbeiten Ihre personenbezogenen Daten vertraulich und [&hellip;]<\/p>\n","protected":false},"author":4,"featured_media":0,"parent":0,"menu_order":0,"comment_status":"closed","ping_status":"closed","template":"elementor_header_footer","meta":{"_surecart_dashboard_logo_width":"180px","_surecart_dashboard_show_logo":true,"_surecart_dashboard_navigation_orders":true,"_surecart_dashboard_navigation_invoices":true,"_surecart_dashboard_navigation_subscriptions":true,"_surecart_dashboard_navigation_downloads":true,"_surecart_dashboard_navigation_billing":true,"_surecart_dashboard_navigation_account":true,"footnotes":""},"class_list":["post-10145","page","type-page","status-publish","hentry","travel-monster-post","no-post-thumbnail","latest_post"],"_links":{"self":[{"href":"https:\/\/activest.natourest.ee\/en\/wp-json\/wp\/v2\/pages\/10145","targetHints":{"allow":["GET"]}}],"collection":[{"href":"https:\/\/activest.natourest.ee\/en\/wp-json\/wp\/v2\/pages"}],"about":[{"href":"https:\/\/activest.natourest.ee\/en\/wp-json\/wp\/v2\/types\/page"}],"author":[{"embeddable":true,"href":"https:\/\/activest.natourest.ee\/en\/wp-json\/wp\/v2\/users\/4"}],"replies":[{"embeddable":true,"href":"https:\/\/activest.natourest.ee\/en\/wp-json\/wp\/v2\/comments?post=10145"}],"version-history":[{"count":2,"href":"https:\/\/activest.natourest.ee\/en\/wp-json\/wp\/v2\/pages\/10145\/revisions"}],"predecessor-version":[{"id":10147,"href":"https:\/\/activest.natourest.ee\/en\/wp-json\/wp\/v2\/pages\/10145\/revisions\/10147"}],"wp:attachment":[{"href":"https:\/\/activest.natourest.ee\/en\/wp-json\/wp\/v2\/media?parent=10145"}],"curies":[{"name":"wp","href":"https:\/\/api.w.org\/{rel}","templated":true}]}}